{"id":15342,"date":"2020-10-30T11:48:41","date_gmt":"2020-10-30T09:48:41","guid":{"rendered":"https:\/\/www.monitor-para-fotografia.com\/?page_id=15342"},"modified":"2020-10-30T12:20:53","modified_gmt":"2020-10-30T10:20:53","slug":"test-ugra","status":"publish","type":"page","link":"https:\/\/www.monitor-para-fotografia.com\/index.php\/test-ugra\/","title":{"rendered":"Test UGRA"},"content":{"rendered":"<p><strong>UGRA Display Analysis and Certification Tool (UDACT), una herramienta para analizar y certificar monitores para soft-proof<\/strong><\/p>\n<p class=\"normal\">UGRA (Swiss Center of Competence for the Media and Printing Technology) es un organismo bien conocido por sus esfuerzos en estandarizaci\u00f3n y control de la calidad.<br \/>\nEste instituto de investigaci\u00f3n ha desarrollado una herramienta de control que se centra en evaluar la calidad del monitor. El Display analysis tool es una herramienta de control para el an\u00e1lisis y la certificaci\u00f3n de monitores para pruebas en pantalla conocido como Softproofing. Permite la evaluaci\u00f3n de cualquier monitor y da a los usuarios mucha m\u00e1s seguridad para elegir el monitor para prueba de pantalla que va a utilizar.<\/p>\n<p>La Ugra Display Analysis and Certification Tool (UDACT), est\u00e1 basada en los parches de color de la ampliamente aceptada Ugra\/Fogra Media Wedge. Adem\u00e1s de los 48 parches de la Media Wedge, el UDACT tambi\u00e9n medir\u00e1 la calibraci\u00f3n y la precisi\u00f3n del balance de grises. No todos los monitores ser\u00e1n capaces de simular pruebas para impresi\u00f3n en offset, tal y como afirma la ISO 12647. Por tanto la herramienta implementa una clasificaci\u00f3n para el uso de monitores. Esta clasificaci\u00f3n de categor\u00edas es: impresi\u00f3n comercial de gran calidad, impresi\u00f3n de peri\u00f3dicos e impresi\u00f3n sencilla. Incluso cuando la gama de un monitor evaluado es peque\u00f1a y la recomendaci\u00f3n es, por ejemplo, para impresi\u00f3n de peri\u00f3dicos, la precisi\u00f3n de la calibraci\u00f3n debe permanecer al m\u00e1ximo nivel para la prueba. No obstante, esta herramienta no \u00fanicamente mide y certifica los resultados en un documento impreso, tambi\u00e9n da recomendaciones para un uso razonable de ese monitor en concreto.<\/p>\n<p class=\"normal\">El test UGRA no es una competici\u00f3n para superarlo, no es su finalidad. Un monitor apropiado para tareas gr\u00e1ficas lo deber\u00eda superar de forma simple y r\u00e1pida, si se necesitan horas para superarlo, seria un indicativo que la electr\u00f3nica tal vez no sea lo suficientemente estable o que algo no se hace correctamente.<\/p>\n<p>&nbsp;<\/p>\n<div align=\"left\"><span class=\"t16\">Monitores analizados mediante el test UGRA<\/span><\/div>\n<table border=\"0\" width=\"591\" cellspacing=\"0\" cellpadding=\"0\">\n<tbody>\n<tr class=\"detall-centre\">\n<td colspan=\"2\"><a href=\"https:\/\/www.microgamma.com\/UGRA\/nec-multysinc-ea244uhd-ugra.php\"><img loading=\"lazy\" decoding=\"async\" src=\"https:\/\/www.microgamma.com\/nec\/4K\/EA244UHD-Display152.jpg\" alt=\"monitor nec 4k\" width=\"101\" height=\"94\" \/><\/a><\/td>\n<td colspan=\"2\" height=\"12\"><a class=\"normal-centre\" href=\"https:\/\/www.microgamma.com\/UGRA\/eizo_CG246.php\"><img loading=\"lazy\" decoding=\"async\" src=\"https:\/\/www.microgamma.com\/coloredge\/cg246\/cg246_llibre_100.jpg\" width=\"100\" height=\"100\" \/><\/a><\/td>\n<td colspan=\"2\"><a href=\"https:\/\/www.microgamma.com\/UGRA\/test-ugra-eizo-coloredge-cg248.php\"><img loading=\"lazy\" decoding=\"async\" src=\"https:\/\/www.microgamma.com\/coloredge\/cg248\/eizo-cg248-2-152.jpg\" alt=\"CG248 4K\" width=\"101\" height=\"94\" \/><\/a><\/td>\n<td class=\"normal-REF\" colspan=\"2\" width=\"150\" height=\"12\"><a href=\"https:\/\/www.microgamma.com\/UGRA\/test-ugra-benq-sw271.php\"><img loading=\"lazy\" decoding=\"async\" src=\"https:\/\/www.microgamma.com\/benq\/SW271\/SW271-150.jpg\" alt=\"CG248 4K\" width=\"100\" height=\"100\" \/><\/a><\/td>\n<\/tr>\n<tr class=\"normal-centre\">\n<td colspan=\"2\"><a href=\"https:\/\/www.microgamma.com\/UGRA\/nec-multysinc-ea244uhd-ugra.php\">NEC EA244UHD<\/a><\/td>\n<td colspan=\"2\" height=\"12\"><a href=\"https:\/\/www.microgamma.com\/UGRA\/eizo_CG246.php\">CG246<\/a><\/td>\n<td colspan=\"2\"><a href=\"https:\/\/www.microgamma.com\/UGRA\/test-ugra-eizo-coloredge-cg248.php\">CG248-4K<\/a><\/td>\n<td class=\"normal-REF\" colspan=\"2\" width=\"150\" height=\"12\"><a href=\"https:\/\/www.microgamma.com\/UGRA\/test-ugra-benq-sw271.php\">SW271<\/a><\/td>\n<\/tr>\n<tr>\n<td width=\"150\"><\/td>\n<td width=\"150\"><\/td>\n<td width=\"150\" height=\"24\"><\/td>\n<td width=\"150\"><\/td>\n<td width=\"150\"><\/td>\n<td width=\"150\"><\/td>\n<td class=\"normal-REF\" width=\"150\" height=\"24\"><\/td>\n<td class=\"normal-REF\" width=\"150\"><\/td>\n<\/tr>\n<tr>\n<td colspan=\"2\" height=\"0\"><a href=\"https:\/\/www.microgamma.com\/UGRA\/eizo-cs2420.php\"><img loading=\"lazy\" decoding=\"async\" src=\"https:\/\/www.microgamma.com\/coloredge\/cs2420\/eizo_cg2420_bk_cg2420-net-152.jpg\" alt=\"monitor EIZO ColorEdge CS240\" width=\"100\" height=\"88\" \/><\/a><\/p>\n<div align=\"center\"><\/div>\n<\/td>\n<td class=\"detall-centre\" colspan=\"2\" height=\"0\"><a href=\"https:\/\/www.microgamma.com\/UGRA\/eizo-cs2730.php\"><img loading=\"lazy\" decoding=\"async\" src=\"https:\/\/www.microgamma.com\/coloredge\/cs2730\/cs2730-visera-150.jpg\" alt=\"monitor EIZO ColorEdge CS240\" width=\"108\" height=\"95\" \/><\/a><\/td>\n<td class=\"detall-centre\" colspan=\"2\" height=\"0\"><a class=\"detall-centre\" href=\"https:\/\/www.microgamma.com\/UGRA\/test-ugra-eizo-CG277.php\"><img loading=\"lazy\" decoding=\"async\" src=\"https:\/\/www.microgamma.com\/152\/CG277_152.jpg\" alt=\"eizo cs240\" width=\"100\" height=\"93\" \/><\/a><\/td>\n<td colspan=\"2\" height=\"0\"><span class=\"detall-centre\"><a href=\"https:\/\/www.microgamma.com\/UGRA\/nec_pa242w.php\"><img loading=\"lazy\" decoding=\"async\" src=\"https:\/\/www.microgamma.com\/152\/nec_pa242_visera.jpg\" alt=\"nec pa242w\" width=\"100\" height=\"93\" \/><\/a><\/span><\/td>\n<\/tr>\n<tr class=\"normal-centre\">\n<td colspan=\"2\" height=\"1\"><a href=\"https:\/\/www.microgamma.com\/UGRA\/eizo-cs2420.php\">Eizo CS2420<\/a><\/td>\n<td class=\"detall-centre\" colspan=\"2\" height=\"1\"><a class=\"normal-centre\" href=\"https:\/\/www.microgamma.com\/UGRA\/eizo-cs2730.php\">Eizo CS2730<\/a><\/td>\n<td class=\"detall-centre\" colspan=\"2\" height=\"1\"><a class=\"normal-centre\" href=\"https:\/\/www.microgamma.com\/UGRA\/test-ugra-eizo-CG277.php\">Eizo CG277<\/a><\/td>\n<td colspan=\"2\" height=\"1\"><a href=\"https:\/\/www.microgamma.com\/UGRA\/nec_pa242w.php\">NEC PA242W<\/a><\/td>\n<\/tr>\n<tr>\n<td colspan=\"2\" height=\"2\"><a href=\"https:\/\/www.microgamma.com\/UGRA\/nec_spectraview_reference_272.php\"><img loading=\"lazy\" decoding=\"async\" src=\"https:\/\/www.microgamma.com\/100\/272.png\" alt=\"\" width=\"100\" height=\"100\" \/><\/a><\/td>\n<td class=\"detall-centre\" colspan=\"2\" height=\"2\"><a href=\"https:\/\/www.microgamma.com\/UGRA\/eizo-cs240.php\"><img loading=\"lazy\" decoding=\"async\" src=\"https:\/\/www.microgamma.com\/coloredge\/CS240\/cs240-cnvi-152.jpg\" alt=\"eizo cs240\" width=\"100\" height=\"93\" \/><\/a><\/td>\n<td class=\"detall-centre\" colspan=\"2\" height=\"2\"><\/td>\n<td colspan=\"2\" height=\"2\"><span class=\"normal-REF\"><a class=\"detall-centre\" href=\"https:\/\/www.microgamma.com\/UGRA\/nec_p232w_ugra.php\"><img decoding=\"async\" src=\"https:\/\/www.microgamma.com\/100\/p232w_100.png\" alt=\"nec p232w\" \/><\/a><\/span><\/td>\n<\/tr>\n<tr class=\"normal-centre\">\n<td colspan=\"2\" height=\"5\"><a class=\"normal\" href=\"https:\/\/www.microgamma.com\/UGRA\/nec_spectraview_reference_272.php\">NEC Spectraview 272<\/a><\/td>\n<td colspan=\"2\" height=\"5\"><span class=\"detall-centre\"><a class=\"normal-centre\" href=\"https:\/\/www.microgamma.com\/UGRA\/eizo-cs240.php\">Eizo CS240<\/a><\/span><\/td>\n<td colspan=\"2\" height=\"5\"><\/td>\n<td colspan=\"2\" height=\"5\"><span class=\"normal-REF\"><a class=\"normal-centre\" href=\"https:\/\/www.microgamma.com\/UGRA\/nec_p232w_ugra.php\">NEC P232W<\/a><\/span><\/td>\n<\/tr>\n<tr>\n<td colspan=\"2\"><a class=\"detall-centre\" href=\"https:\/\/www.microgamma.com\/UGRA\/eizo_CG245w.php\"><img decoding=\"async\" src=\"https:\/\/www.microgamma.com\/eizo\/CG245\/CG245W_100.jpg\" alt=\"Eizo ColorEdge CG245W\" \/><\/a><\/td>\n<td colspan=\"2\"><a class=\"detall-centre\" href=\"https:\/\/www.microgamma.com\/UGRA\/eizo_s2243w.php\"><img decoding=\"async\" src=\"https:\/\/www.microgamma.com\/100\/2243_100.jpg\" alt=\"EIZO FlexScan S2243W\" \/><\/a><\/td>\n<td colspan=\"2\"><a class=\"detall-centre\" href=\"https:\/\/www.microgamma.com\/UGRA\/nec_pa241w.php\"><img decoding=\"async\" src=\"https:\/\/www.microgamma.com\/100\/pack610243.jpg\" alt=\"pa241\" \/><\/a><\/td>\n<td class=\"normal-REF\" colspan=\"2\" width=\"150\" height=\"2\"><a class=\"detall-centre\" href=\"https:\/\/www.microgamma.com\/UGRA\/eizo_ev2335w.php\"><img decoding=\"async\" src=\"https:\/\/www.microgamma.com\/100\/2243_100.jpg\" alt=\"S2335W\" \/><\/a><\/td>\n<\/tr>\n<tr class=\"detall-centre\">\n<td colspan=\"2\"><span class=\"normal\"><a class=\"normal\" href=\"https:\/\/www.microgamma.com\/UGRA\/eizo_CG245w.php\">Eizo CG245W<\/a><\/span><\/td>\n<td colspan=\"2\"><span class=\"normal\"><a class=\"normal\" href=\"https:\/\/www.microgamma.com\/UGRA\/eizo_s2243w.php\">Eizo S2243W<\/a><\/span><\/td>\n<td colspan=\"2\"><span class=\"normal\"><a class=\"normal-centre\" href=\"https:\/\/www.microgamma.com\/UGRA\/nec_pa241w.php\">NEC PA241W-Spectraview 241<\/a><\/span><\/td>\n<td class=\"normal-REF\" colspan=\"2\" width=\"150\" height=\"1\"><a class=\"normal\" href=\"https:\/\/www.microgamma.com\/UGRA\/eizo_ev2335w.php\">Eizo EV2335W<\/a><\/td>\n<\/tr>\n<tr>\n<td width=\"150\"><span class=\"detall-centre\"><a href=\"https:\/\/www.microgamma.com\/UGRA\/ugra.php\"><img decoding=\"async\" src=\"https:\/\/www.microgamma.com\/0\/ugr.png\" alt=\"UGRA\" \/><\/a><\/span><\/td>\n<td width=\"150\"><span class=\"detall-centre\"><a href=\"http:\/\/issuu.com\/microgamma\/docs\/cg245w_integrat\" target=\"_blank\" rel=\"noopener noreferrer\"><img decoding=\"async\" src=\"https:\/\/www.microgamma.com\/0\/issuu_30.png\" alt=\"issuu\" \/><\/a><\/span><\/td>\n<td width=\"150\"><\/td>\n<td width=\"150\"><span class=\"detall-centre\"><a href=\"http:\/\/issuu.com\/microgamma\/docs\/ugra_eizo_s2233w\" target=\"_blank\" rel=\"noopener noreferrer\"><img decoding=\"async\" src=\"https:\/\/www.microgamma.com\/0\/issuu_30.png\" alt=\"issuu\" \/><\/a><\/span><\/td>\n<td width=\"150\"><span class=\"detall-centre\"><a href=\"https:\/\/www.microgamma.com\/UGRA\/ugra.php\"><img decoding=\"async\" src=\"https:\/\/www.microgamma.com\/0\/ugr.png\" alt=\"UGRA\" \/><\/a><\/span><\/td>\n<td width=\"150\"><span class=\"detall-centre\"><a href=\"http:\/\/issuu.com\/microgamma\/docs\/report20100424_21-12_2011\" target=\"_blank\" rel=\"noopener noreferrer\"><img decoding=\"async\" src=\"https:\/\/www.microgamma.com\/0\/issuu_30.png\" alt=\"issuu\" \/><\/a><\/span><\/td>\n<td class=\"normal-REF\" colspan=\"2\" width=\"150\" height=\"2\"><span class=\"detall-centre\"><a href=\"http:\/\/issuu.com\/microgamma\/docs\/ugra_eizo_2335\" target=\"_blank\" rel=\"noopener noreferrer\"><img decoding=\"async\" src=\"https:\/\/www.microgamma.com\/0\/issuu_30.png\" alt=\"issuu\" \/><\/a><\/span><\/td>\n<\/tr>\n<tr class=\"detall-centre\">\n<td colspan=\"2\"><a href=\"https:\/\/www.microgamma.com\/UGRA\/nec_multysinc_pa271.php\"><img loading=\"lazy\" decoding=\"async\" src=\"https:\/\/www.microgamma.com\/100\/pa271w_100.jpg\" alt=\"nec pa271w\" width=\"100\" height=\"100\" \/><\/a><\/td>\n<td colspan=\"2\"><span class=\"normal-REF\"><a href=\"https:\/\/www.microgamma.com\/UGRA\/quato_intelli_242_ex.php\"><img loading=\"lazy\" decoding=\"async\" src=\"https:\/\/www.microgamma.com\/100\/quato_intelliProof242LEDex.jpg\" alt=\"monitor quato\" width=\"100\" height=\"100\" \/><\/a><\/span><\/td>\n<td colspan=\"2\"><a class=\"detall-centre\" href=\"https:\/\/www.microgamma.com\/UGRA\/lacie_324i.php\"><img decoding=\"async\" src=\"https:\/\/www.microgamma.com\/100\/lacie_324i_100.jpg\" alt=\"pa241\" \/><\/a><\/td>\n<td class=\"normal-REF\" colspan=\"2\" width=\"150\"><a class=\"detall-centre\" href=\"https:\/\/www.microgamma.com\/UGRA\/nec_p221w_ugra.php\"><img decoding=\"async\" src=\"https:\/\/www.microgamma.com\/100\/p221w_100.jpg\" alt=\"Nec P221W con Visera antirreflejos\" \/><\/a><\/td>\n<\/tr>\n<tr class=\"normal-centre\">\n<td colspan=\"2\"><a class=\"normal-centre\" href=\"https:\/\/www.microgamma.com\/UGRA\/nec_multysinc_pa271.php\">NEC PA271W<\/a><\/td>\n<td colspan=\"2\"><a class=\"normal-centre\" href=\"https:\/\/www.microgamma.com\/UGRA\/quato_intelli_242_ex.php\">Quato 242<\/a><\/td>\n<td colspan=\"2\"><a class=\"normal\" href=\"https:\/\/www.microgamma.com\/UGRA\/lacie_324i.php\">LaCie 324i<\/a><\/td>\n<td class=\"normal-REF\" colspan=\"2\" width=\"150\"><span class=\"normal\"><a class=\"normal\" href=\"https:\/\/www.microgamma.com\/UGRA\/nec_p221w_ugra.php\">NEC P221W<\/a><\/span><\/td>\n<\/tr>\n<tr>\n<td colspan=\"2\"><\/td>\n<td colspan=\"2\"><span class=\"normal-REF\"><a href=\"http:\/\/issuu.com\/microgamma\/docs\/intelli_proof_240_led_excellence\" target=\"_blank\" rel=\"noopener noreferrer\"><img decoding=\"async\" src=\"https:\/\/www.microgamma.com\/0\/issuu_30.png\" alt=\"issuu\" \/><\/a><\/span><\/td>\n<td colspan=\"2\"><span class=\"detall-centre\"><a href=\"http:\/\/issuu.com\/muray-assts\/docs\/lacie_324i\/1#share\" target=\"_blank\" rel=\"noopener noreferrer\"><img decoding=\"async\" src=\"https:\/\/www.microgamma.com\/0\/issuu_30.png\" alt=\"issuu\" \/><\/a><\/span><\/td>\n<td class=\"normal-REF\" width=\"150\"><span class=\"detall-centre\"><a href=\"https:\/\/www.microgamma.com\/UGRA\/ugra.php\"><img decoding=\"async\" src=\"https:\/\/www.microgamma.com\/0\/ugr.png\" alt=\"UGRA\" \/><\/a><\/span><\/td>\n<td class=\"normal-REF\" width=\"150\"><span class=\"detall-centre\"><a href=\"http:\/\/issuu.com\/microgamma\/docs\/ugra_p221w\" target=\"_blank\" rel=\"noopener noreferrer\"><img decoding=\"async\" src=\"https:\/\/www.microgamma.com\/0\/issuu_30.png\" alt=\"issuu\" \/><\/a><\/span><\/td>\n<\/tr>\n<tr>\n<td colspan=\"2\">\n<div align=\"center\"><a class=\"detall-centre\" href=\"https:\/\/www.microgamma.com\/UGRA\/nec_pa271w.php\"><img decoding=\"async\" src=\"https:\/\/www.microgamma.com\/100\/spectraview_271_100.jpg\" alt=\"SpectraView Reference 271\" \/><\/a><\/div>\n<\/td>\n<td colspan=\"2\"><a class=\"detall-centre\" href=\"https:\/\/www.microgamma.com\/UGRA\/eizo_cg223w.php\"><img decoding=\"async\" src=\"https:\/\/www.microgamma.com\/100\/cg223w_100.jpg\" alt=\"ColorEdge CG223W\" \/><\/a><\/td>\n<td colspan=\"2\"><a class=\"detall-centre\" href=\"https:\/\/www.microgamma.com\/UGRA\/eizo_CG243w.php\"><img decoding=\"async\" src=\"https:\/\/www.microgamma.com\/100\/243_100.jpg\" alt=\"Eizo ColorEdge CG243W\" \/><\/a><\/td>\n<td colspan=\"2\"><span class=\"normal-REF\"><a href=\"https:\/\/www.microgamma.com\/UGRA\/eizo_s2233w.php\"><img decoding=\"async\" src=\"https:\/\/www.microgamma.com\/100\/S2232W_100.jpg\" alt=\"eizo s2233w\" \/><\/a><\/span><\/td>\n<\/tr>\n<tr>\n<td colspan=\"2\"><a class=\"normal\" href=\"https:\/\/www.microgamma.com\/UGRA\/nec_pa271w.php\">NEC Spectraview 271<\/a><\/td>\n<td colspan=\"2\"><span class=\"normal\"><a class=\"normal\" href=\"https:\/\/www.microgamma.com\/UGRA\/eizo_cg223w.php\">Eizo CG223W<\/a><\/span><\/td>\n<td class=\"normal-centre\" colspan=\"2\"><span class=\"normal\"><a class=\"normal\" href=\"https:\/\/www.microgamma.com\/UGRA\/eizo_CG243w.php\">Eizo CG243W<\/a><\/span><\/td>\n<td class=\"normal-centre\" colspan=\"2\"><a class=\"normal\" href=\"https:\/\/www.microgamma.com\/UGRA\/eizo_s2233w.php\">S2233W<\/a><\/td>\n<\/tr>\n<tr>\n<td colspan=\"2\"><span class=\"detall-centre\"><a href=\"http:\/\/issuu.com\/microgamma\/docs\/spectraview271_ugra\" target=\"_blank\" rel=\"noopener noreferrer\"><img decoding=\"async\" src=\"https:\/\/www.microgamma.com\/0\/issuu_30.png\" alt=\"issuu\" \/><\/a><\/span><\/td>\n<td colspan=\"2\"><span class=\"detall-centre\"><a href=\"https:\/\/www.microgamma.com\/UGRA\/ugra.php\"><img decoding=\"async\" src=\"https:\/\/www.microgamma.com\/0\/ugr.png\" alt=\"UGRA\" \/><\/a><a href=\"http:\/\/issuu.com\/microgamma\/docs\/cg223_ugra\" target=\"_blank\" rel=\"noopener noreferrer\"><img decoding=\"async\" src=\"https:\/\/www.microgamma.com\/0\/issuu_30.png\" alt=\"issuu\" \/><\/a><\/span><\/td>\n<td colspan=\"2\"><a href=\"http:\/\/issuu.com\/microgamma\/docs\/ugra_243_microgamma\" target=\"_blank\" rel=\"noopener noreferrer\"><img decoding=\"async\" src=\"https:\/\/www.microgamma.com\/0\/issuu_30.png\" alt=\"issuu\" \/><\/a><\/td>\n<td colspan=\"2\"><\/td>\n<\/tr>\n<\/tbody>\n<\/table>\n","protected":false},"excerpt":{"rendered":"<p>UGRA Display Analysis and Certification Tool (UDACT), una herramienta para analizar y certificar monitores para soft-proof UGRA (Swiss Center of Competence for the Media and Printing Technology) es un organismo bien conocido por sus esfuerzos en estandarizaci\u00f3n y control de la calidad. Este instituto de investigaci\u00f3n ha desarrollado una herramienta de control que se centra [&hellip;]<\/p>\n","protected":false},"author":1,"featured_media":0,"parent":0,"menu_order":0,"comment_status":"closed","ping_status":"closed","template":"","meta":{"om_disable_all_campaigns":false,"site-container-style":"default","site-container-layout":"default","site-sidebar-layout":"default","disable-article-header":"default","disable-site-header":"default","disable-site-footer":"default","disable-content-area-spacing":"default","footnotes":""},"class_list":["post-15342","page","type-page","status-publish","hentry"],"aioseo_notices":[],"_links":{"self":[{"href":"https:\/\/www.monitor-para-fotografia.com\/index.php\/wp-json\/wp\/v2\/pages\/15342","targetHints":{"allow":["GET"]}}],"collection":[{"href":"https:\/\/www.monitor-para-fotografia.com\/index.php\/wp-json\/wp\/v2\/pages"}],"about":[{"href":"https:\/\/www.monitor-para-fotografia.com\/index.php\/wp-json\/wp\/v2\/types\/page"}],"author":[{"embeddable":true,"href":"https:\/\/www.monitor-para-fotografia.com\/index.php\/wp-json\/wp\/v2\/users\/1"}],"replies":[{"embeddable":true,"href":"https:\/\/www.monitor-para-fotografia.com\/index.php\/wp-json\/wp\/v2\/comments?post=15342"}],"version-history":[{"count":0,"href":"https:\/\/www.monitor-para-fotografia.com\/index.php\/wp-json\/wp\/v2\/pages\/15342\/revisions"}],"wp:attachment":[{"href":"https:\/\/www.monitor-para-fotografia.com\/index.php\/wp-json\/wp\/v2\/media?parent=15342"}],"curies":[{"name":"wp","href":"https:\/\/api.w.org\/{rel}","templated":true}]}}