{"id":7722,"date":"2016-08-05T12:24:09","date_gmt":"2016-08-05T10:24:09","guid":{"rendered":"http:\/\/www.microgamma.es\/blog\/?page_id=7722"},"modified":"2016-08-06T17:59:07","modified_gmt":"2016-08-06T15:59:07","slug":"monitores-para-fotografia","status":"publish","type":"page","link":"https:\/\/www.monitor-para-fotografia.com\/index.php\/monitores-para-fotografia\/","title":{"rendered":"Monitores para fotografia"},"content":{"rendered":"<p>&nbsp;<\/p>\n<p><a href=\"http:\/\/www.microgamma.com\/nec\/nec_ea244wmi_spyder.php\"><img loading=\"lazy\" decoding=\"async\" class=\"alignnone\" src=\"http:\/\/www.microgamma.com\/225\/ea244_calibrador.jpg\" width=\"350\" height=\"242\" \/><\/a><\/p>\n<p>Un monitor b\u00e1sico con panel IPS, es una opci\u00f3n para aquellos que trabajan en un entorno sRGB. Este monitor puede superar el test UGRA pero como monitor destinado a maquetaci\u00f3n en entornos ISOnewspaper y sRGB. Es apto para entornos web o de maquetaci\u00f3n. Incorpora tecnolog\u00edas gr\u00e1ficas como la edici\u00f3n de seis ejes y la compensaci\u00f3n para im\u00e1genes en movimiento.<\/p>\n<p><a href=\"http:\/\/www.microgamma.com\/coloredge\/eizo-coloredge-cs2420-con-visera-i1-display.php\"><img loading=\"lazy\" decoding=\"async\" class=\"alignnone\" src=\"http:\/\/www.microgamma.com\/coloredge\/cg2420\/cs2420-eyeone-300.jpg\" width=\"300\" height=\"300\" \/><\/a><\/p>\n<p>El monitor perfecto para fotograf\u00eda profesional, ideal para preimpresi\u00f3n y dise\u00f1o. Incluye la visera y el software desarrollado por Eizo. Con la mejor relaci\u00f3n calidad precio<\/p>\n<p>&nbsp;<\/p>\n<p><a href=\"http:\/\/www.microgamma.com\/eizo\/eizo_coloredge_247.php\"><img loading=\"lazy\" decoding=\"async\" class=\"alignnone\" src=\"http:\/\/www.microgamma.com\/coloredge\/cg247\/EIZO_CG247_300.jpg\" width=\"300\" height=\"300\" \/><\/a><\/p>\n<p>Se trata de una evoluci\u00f3n del CG243, CG245, CG246 con el calibrador integrado en el marco. Para fotografia profesional. Es actualmente es el mejor monitor de 24 pulgadas disponible.<\/p>\n<p>&nbsp;<\/p>\n<p>&nbsp;<\/p>\n<p><a href=\"http:\/\/www.microgamma.com\/eizo\/eizo_coloredge_277.php\"><img loading=\"lazy\" decoding=\"async\" class=\"alignnone\" src=\"http:\/\/www.microgamma.com\/coloredge\/cg277\/CG277-eizo.jpg\" width=\"560\" height=\"238\" \/><\/a><\/p>\n<p>Si busca un monitor perfecto, no le de mas vueltas, sin duda el ColorEdge CG277 es el mejor monitor disponible en estos momentos. El calibrador integrado de alta precisi\u00f3n es el salto mas importante que se ha producido en el sector en los \u00faltimos a\u00f1os, simplifican la calibraci\u00f3n aumentando la productividad. Olv\u00eddese de la calibraci\u00f3n y de la gesti\u00f3n del color, c\u00e9ntrese en su trabajo, en la edici\u00f3n, dise\u00f1o ilustraci\u00f3n o post-producci\u00f3n. Calibrar este monitor es lo mas simple y efectivo que hay. Distancia de visualizaci\u00f3n 60 cm.<\/p>\n","protected":false},"excerpt":{"rendered":"<p>&nbsp; Un monitor b\u00e1sico con panel IPS, es una opci\u00f3n para aquellos que trabajan en un entorno sRGB. Este monitor puede superar el test UGRA pero como monitor destinado a maquetaci\u00f3n en entornos ISOnewspaper y sRGB. Es apto para entornos web o de maquetaci\u00f3n. Incorpora tecnolog\u00edas gr\u00e1ficas como la edici\u00f3n de seis ejes y la [&hellip;]<\/p>\n","protected":false},"author":32,"featured_media":0,"parent":0,"menu_order":0,"comment_status":"closed","ping_status":"closed","template":"","meta":{"om_disable_all_campaigns":false,"site-container-style":"default","site-container-layout":"default","site-sidebar-layout":"default","disable-article-header":"default","disable-site-header":"default","disable-site-footer":"default","disable-content-area-spacing":"default","footnotes":""},"class_list":["post-7722","page","type-page","status-publish","hentry"],"aioseo_notices":[],"_links":{"self":[{"href":"https:\/\/www.monitor-para-fotografia.com\/index.php\/wp-json\/wp\/v2\/pages\/7722","targetHints":{"allow":["GET"]}}],"collection":[{"href":"https:\/\/www.monitor-para-fotografia.com\/index.php\/wp-json\/wp\/v2\/pages"}],"about":[{"href":"https:\/\/www.monitor-para-fotografia.com\/index.php\/wp-json\/wp\/v2\/types\/page"}],"author":[{"embeddable":true,"href":"https:\/\/www.monitor-para-fotografia.com\/index.php\/wp-json\/wp\/v2\/users\/32"}],"replies":[{"embeddable":true,"href":"https:\/\/www.monitor-para-fotografia.com\/index.php\/wp-json\/wp\/v2\/comments?post=7722"}],"version-history":[{"count":0,"href":"https:\/\/www.monitor-para-fotografia.com\/index.php\/wp-json\/wp\/v2\/pages\/7722\/revisions"}],"wp:attachment":[{"href":"https:\/\/www.monitor-para-fotografia.com\/index.php\/wp-json\/wp\/v2\/media?parent=7722"}],"curies":[{"name":"wp","href":"https:\/\/api.w.org\/{rel}","templated":true}]}}